{"id":11,"date":"2019-12-30T14:26:14","date_gmt":"2019-12-30T11:26:14","guid":{"rendered":"https:\/\/belkina.ocmod.shop\/?page_id=11"},"modified":"2025-10-29T11:47:50","modified_gmt":"2025-10-29T08:47:50","slug":"about-me","status":"publish","type":"page","link":"https:\/\/olgadiving.com\/tr\/about-me\/","title":{"rendered":"Sualt\u0131 sanat\u00e7\u0131s\u0131 Olga Belka hakk\u0131nda"},"content":{"rendered":"<p>Olga Belka, tablolar\u0131n\u0131 tamamen deniz dibinde \u00fcreten benzersiz bir sualt\u0131 sanat\u00e7\u0131s\u0131d\u0131r. T\u00fcm eserlerini dal\u0131\u015f s\u0131ras\u0131nda, do\u011frudan canl\u0131 manzara kar\u015f\u0131s\u0131nda ger\u00e7ekle\u015ftirir. Medya taraf\u0131ndan d\u00fcnyan\u0131n tek sualt\u0131 portre sanat\u00e7\u0131s\u0131 olarak tan\u0131n\u0131r. Olga, tuzlu suda kararl\u0131 bi\u00e7imde resim yapmay\u0131 sa\u011flayan tekni\u011fi geli\u015ftiren ilk sanat\u00e7\u0131d\u0131r. Bu teknik, sualt\u0131 d\u00fcnyas\u0131n\u0131n ger\u00e7ek renklerini, \u0131\u015f\u0131\u011f\u0131n\u0131 ve k\u0131r\u0131lgan g\u00fczelli\u011fini do\u011fru bi\u00e7imde yans\u0131t\u0131r. Y\u00f6ntem \u00e7evre a\u00e7\u0131s\u0131ndan g\u00fcvenlidir, laboratuvar testlerinden ge\u00e7mi\u015ftir ve bilimsel olarak onaylanm\u0131\u015ft\u0131r.<\/p>\n<p>Sanat onun ya\u015fam boyu mesle\u011fidir. Dal\u0131\u015f daha sonra hayat\u0131n\u0131n bir par\u00e7as\u0131 olmu\u015ftur. Deniz ba\u015fl\u0131ca ilham kayna\u011f\u0131 haline geldi\u011finde \u00e7al\u0131\u015fmalar\u0131 yeni ve immersif bir y\u00f6n kazanm\u0131\u015ft\u0131r. Sanat\u0131 deniz ya\u015fam\u0131 ve mercan manzaralar\u0131ndan sualt\u0131 portrelerine kadar uzan\u0131r ve fig\u00fcratif sanatta yeni bir b\u00f6l\u00fcm olu\u015fturur. Her tablo i\u00e7in 2 ile 6 dal\u0131\u015f gerekir ve her dal\u0131\u015f 3 saate kadar s\u00fcrer.<\/p>\n<p>Olga\u2019n\u0131n misyonu, sanat yoluyla okyanus korumas\u0131na ilham vermektir. \u00c7er\u00e7eveleme ve sunumda geri d\u00f6n\u00fc\u015ft\u00fcr\u00fclm\u00fc\u015f malzemeler kullan\u0131r ve gelirinin bir k\u0131sm\u0131n\u0131 mercan resiflerinin temizli\u011fine ay\u0131r\u0131r.<\/p>\n<p><strong>Biyografi ve Kariyer Ba\u015far\u0131lar\u0131<\/strong><\/p>\n<p>Son sekiz y\u0131lda sualt\u0131 sanat\u00e7\u0131s\u0131 olarak 18 ki\u015fisel sergi a\u00e7m\u0131\u015f ve Singapur, Japonya, BAE, Katar, \u00c7in, Malezya, Tayvan, Hong Kong, Maldivler, T\u00fcrkiye, Tayland, Rusya ve di\u011fer \u00fclkelerdeki \u00f6nde gelen sanat fuarlar\u0131 ile karma sergilere kat\u0131lm\u0131\u015ft\u0131r. Uluslararas\u0131 sanat ve deniz festivallerinde s\u0131k s\u0131k ana konu\u015fmac\u0131 olarak yer al\u0131r ve k\u00fclt\u00fcrel ile ekolojik temal\u0131 canl\u0131 sanat performanslar\u0131yla tan\u0131n\u0131r. Sanat d\u00fcnyas\u0131nda ve okyanus koruma topluluklar\u0131nda tan\u0131nan bir sestir. Hikayesi ve eserleri 30\u2019dan fazla \u00fclkede 200\u2019\u00fcn \u00fczerinde medya kurulu\u015funda yer alm\u0131\u015ft\u0131r.<\/p>","protected":false},"excerpt":{"rendered":"<p>Olga Belka, tablolar\u0131n\u0131 tamamen deniz dibinde \u00fcreten benzersiz bir sualt\u0131 sanat\u00e7\u0131s\u0131d\u0131r. T\u00fcm eserlerini dal\u0131\u015f s\u0131ras\u0131nda, do\u011frudan canl\u0131 manzara kar\u015f\u0131s\u0131nda ger\u00e7ekle\u015ftirir. Medya taraf\u0131ndan d\u00fcnyan\u0131n tek sualt\u0131 portre sanat\u00e7\u0131s\u0131 olarak tan\u0131n\u0131r. Olga, tuzlu suda kararl\u0131 bi\u00e7imde resim yapmay\u0131 sa\u011flayan tekni\u011fi geli\u015ftiren ilk sanat\u00e7\u0131d\u0131r. Bu teknik, sualt\u0131 d\u00fcnyas\u0131n\u0131n ger\u00e7ek renklerini, \u0131\u015f\u0131\u011f\u0131n\u0131 ve k\u0131r\u0131lgan g\u00fczelli\u011fini do\u011fru bi\u00e7imde yans\u0131t\u0131r. Y\u00f6ntem<br \/>\n\t<a href=\"https:\/\/olgadiving.com\/tr\/about-me\/\" class=\"go_more\"><span><i><\/i>read more<\/span><\/a><\/p>\n","protected":false},"author":1,"featured_media":0,"parent":0,"menu_order":0,"comment_status":"closed","ping_status":"closed","template":"page-templates\/template-about.php","meta":{"footnotes":""},"class_list":["post-11","page","type-page","status-publish","hentry"],"aioseo_notices":[],"_links":{"self":[{"href":"https:\/\/olgadiving.com\/tr\/wp-json\/wp\/v2\/pages\/11","targetHints":{"allow":["GET"]}}],"collection":[{"href":"https:\/\/olgadiving.com\/tr\/wp-json\/wp\/v2\/pages"}],"about":[{"href":"https:\/\/olgadiving.com\/tr\/wp-json\/wp\/v2\/types\/page"}],"author":[{"embeddable":true,"href":"https:\/\/olgadiving.com\/tr\/wp-json\/wp\/v2\/users\/1"}],"replies":[{"embeddable":true,"href":"https:\/\/olgadiving.com\/tr\/wp-json\/wp\/v2\/comments?post=11"}],"version-history":[{"count":5,"href":"https:\/\/olgadiving.com\/tr\/wp-json\/wp\/v2\/pages\/11\/revisions"}],"predecessor-version":[{"id":2645,"href":"https:\/\/olgadiving.com\/tr\/wp-json\/wp\/v2\/pages\/11\/revisions\/2645"}],"wp:attachment":[{"href":"https:\/\/olgadiving.com\/tr\/wp-json\/wp\/v2\/media?parent=11"}],"curies":[{"name":"wp","href":"https:\/\/api.w.org\/{rel}","templated":true}]}}