{"id":92,"date":"2020-01-02T13:36:46","date_gmt":"2020-01-02T10:36:46","guid":{"rendered":"https:\/\/belkina.ocmod.shop\/?page_id=92"},"modified":"2025-10-21T19:40:32","modified_gmt":"2025-10-21T16:40:32","slug":"video","status":"publish","type":"page","link":"https:\/\/olgadiving.com\/tr\/video\/","title":{"rendered":"Olga Belka\u2019n\u0131n Su Alt\u0131 Resimleriyle \u0130lgili Videolar"},"content":{"rendered":"<p class=\"qtranxs-available-languages-message qtranxs-available-languages-message-tr\">Sorry, this entry is only available in <a href=\"https:\/\/olgadiving.com\/en\/wp-json\/wp\/v2\/pages\/92\" class=\"qtranxs-available-language-link qtranxs-available-language-link-en\" title=\"English\">English<\/a>, <a href=\"https:\/\/olgadiving.com\/zh\/wp-json\/wp\/v2\/pages\/92\" class=\"qtranxs-available-language-link qtranxs-available-language-link-zh\" title=\"\u4e2d\u6587\">\u4e2d\u6587<\/a>, <a href=\"https:\/\/olgadiving.com\/tw\/wp-json\/wp\/v2\/pages\/92\" class=\"qtranxs-available-language-link qtranxs-available-language-link-tw\" title=\"\u7e41\u9ad4\u4e2d\u6587\">\u7e41\u9ad4\u4e2d\u6587<\/a> and <a href=\"https:\/\/olgadiving.com\/ru\/wp-json\/wp\/v2\/pages\/92\" class=\"qtranxs-available-language-link qtranxs-available-language-link-ru\" title=\"\u0420\u0443\u0441\u0441\u043a\u0438\u0439\">\u0420\u0443\u0441\u0441\u043a\u0438\u0439<\/a>.<\/p><p>Movies about underwater painting by Olga Belka and TV reports. The underwater artist reveals her secrets here. See more on <a href=\"https:\/\/www.youtube.com\/channel\/UCwSj75eJ_wytxqcgm1V6muA?view_as=subscriber\" target=\"_blank\" rel=\"noopener noreferrer\">Youtube<\/a><\/p>","protected":false},"excerpt":{"rendered":"<p>Sorry, this entry is only available in English, \u4e2d\u6587, \u7e41\u9ad4\u4e2d\u6587 and \u0420\u0443\u0441\u0441\u043a\u0438\u0439.Movies about underwater painting by Olga Belka and TV reports. The underwater artist reveals her secrets here. See more on Youtube<\/p>\n","protected":false},"author":1,"featured_media":0,"parent":0,"menu_order":0,"comment_status":"closed","ping_status":"closed","template":"","meta":{"footnotes":""},"class_list":["post-92","page","type-page","status-publish","hentry"],"aioseo_notices":[],"_links":{"self":[{"href":"https:\/\/olgadiving.com\/tr\/wp-json\/wp\/v2\/pages\/92","targetHints":{"allow":["GET"]}}],"collection":[{"href":"https:\/\/olgadiving.com\/tr\/wp-json\/wp\/v2\/pages"}],"about":[{"href":"https:\/\/olgadiving.com\/tr\/wp-json\/wp\/v2\/types\/page"}],"author":[{"embeddable":true,"href":"https:\/\/olgadiving.com\/tr\/wp-json\/wp\/v2\/users\/1"}],"replies":[{"embeddable":true,"href":"https:\/\/olgadiving.com\/tr\/wp-json\/wp\/v2\/comments?post=92"}],"version-history":[{"count":20,"href":"https:\/\/olgadiving.com\/tr\/wp-json\/wp\/v2\/pages\/92\/revisions"}],"predecessor-version":[{"id":834,"href":"https:\/\/olgadiving.com\/tr\/wp-json\/wp\/v2\/pages\/92\/revisions\/834"}],"wp:attachment":[{"href":"https:\/\/olgadiving.com\/tr\/wp-json\/wp\/v2\/media?parent=92"}],"curies":[{"name":"wp","href":"https:\/\/api.w.org\/{rel}","templated":true}]}}