{"id":94,"date":"2020-01-02T13:37:26","date_gmt":"2020-01-02T10:37:26","guid":{"rendered":"https:\/\/belkina.ocmod.shop\/?page_id=94"},"modified":"2025-10-21T19:32:13","modified_gmt":"2025-10-21T16:32:13","slug":"photo","status":"publish","type":"page","link":"https:\/\/olgadiving.com\/tr\/photo\/","title":{"rendered":"Su Alt\u0131 Sanat\u00e7\u0131s\u0131 Olga Belka\u2019n\u0131n Foto\u011fraflar\u0131"},"content":{"rendered":"","protected":false},"excerpt":{"rendered":"","protected":false},"author":1,"featured_media":0,"parent":0,"menu_order":0,"comment_status":"closed","ping_status":"closed","template":"page-templates\/template-photo.php","meta":{"footnotes":""},"class_list":["post-94","page","type-page","status-publish","hentry"],"aioseo_notices":[],"_links":{"self":[{"href":"https:\/\/olgadiving.com\/tr\/wp-json\/wp\/v2\/pages\/94","targetHints":{"allow":["GET"]}}],"collection":[{"href":"https:\/\/olgadiving.com\/tr\/wp-json\/wp\/v2\/pages"}],"about":[{"href":"https:\/\/olgadiving.com\/tr\/wp-json\/wp\/v2\/types\/page"}],"author":[{"embeddable":true,"href":"https:\/\/olgadiving.com\/tr\/wp-json\/wp\/v2\/users\/1"}],"replies":[{"embeddable":true,"href":"https:\/\/olgadiving.com\/tr\/wp-json\/wp\/v2\/comments?post=94"}],"version-history":[{"count":12,"href":"https:\/\/olgadiving.com\/tr\/wp-json\/wp\/v2\/pages\/94\/revisions"}],"predecessor-version":[{"id":2616,"href":"https:\/\/olgadiving.com\/tr\/wp-json\/wp\/v2\/pages\/94\/revisions\/2616"}],"wp:attachment":[{"href":"https:\/\/olgadiving.com\/tr\/wp-json\/wp\/v2\/media?parent=94"}],"curies":[{"name":"wp","href":"https:\/\/api.w.org\/{rel}","templated":true}]}}